{"id":910,"date":"2025-07-29T13:37:40","date_gmt":"2025-07-29T13:37:40","guid":{"rendered":"https:\/\/www.talvenmaa.com\/?page_id=910"},"modified":"2025-08-27T10:59:29","modified_gmt":"2025-08-27T10:59:29","slug":"mentions-legales","status":"publish","type":"page","link":"https:\/\/www.talvenmaa.com\/en\/mentions-legales\/","title":{"rendered":"Legal Notice"},"content":{"rendered":"<style>\n.legal-wrapper {\n  background-color: #F5ECDC;\n  outline: 2px dashed #102640;\n  outline-offset: -10px;\n  color: #ffffff !important;\n  padding: 40px 30px;\n  border-radius: 12px;\n  box-shadow: 0 4px 12px rgba(0, 0, 0, 0.1);\n  max-width: 900px;\n  margin: 40px auto;\n  font-family: 'Lato', sans-serif;\n  font-size: 16px;\n  line-height: 1.6;\n  color: #1e1e1e;\n  text-align: justify;\n  box-shadow: 0 5px 15px rgba(0,0,0,0.15);\n\n}\n\n.legal-wrapper h1 {\n  font-family: 'Montserrat', sans-serif;\n  font-size: 36px;\n  font-weight: 600;\n  text-align: center;\n  margin-bottom: 40px;\n}\n\n.legal-wrapper h2 {\n  font-family: 'Montserrat', sans-serif;\n  font-size: 24px;\n  font-weight: 500;\n  margin-top: 30px;\n  margin-bottom: 15px;\n}\n\n.legal-wrapper p {\n  margin-bottom: 15px;\n}\n<\/style>\n\n<div class=\"legal-wrapper\">\n  <h1>Legal Notice<\/h1>\n\n  <h2>Site Publisher<\/h2>\n  <p>This website is published by :<\/p>\n  <p><strong>Talvenmaa \u2013 Voyage en terre nordique<\/strong><br>\n  Sole proprietorship (Toiminimi) \u2013 Sotka Private Guide\nBusiness ID (Y-tunnus): 3552531-7\nAddress: Maaninkavaarantie 295, 97895 MOURUJ\u00c4RVI, Finland\nEmail: contact@talvenmaa.com<br>\n  Y-tunnus : 3552531-7<br>\n  Adresse : Maaninkavaarantie 295, 97895 MOURUJ\u00c4RVI<br>\n  Email : contact@talvenmaa.com<\/p>\n\n  <h2>Publication Director<\/h2>\n  <p>Mr. Axel Royer, in his capacity as legal representative.<\/p>\n\n  <h2>Hosting<\/h2>\n  <p>Le site est h\u00e9berg\u00e9 par :<br>\n\n  <p><strong>Namecheap, Inc.<\/strong><br>\n  4600 East Washington Street, Suite 305, Phoenix, AZ 85034, USA<br>\n  Website : https:\/\/www.namecheap.com<br>\n  Support : support@namecheap.com<br><\/p>\n\n  <h2>Activity<\/h2>\n  <p>Talvenmaa offers guided outdoor tourism activities in Finnish Lapland, for an international clientele in small private groups.<\/p>\n\n  <h2>Intellectual Property<\/h2>\n  <p>All content on this site (texts, images, videos, graphics, logos) is the exclusive property of Talvenmaa, unless otherwise stated.<\/p>\n  <p>Any reproduction, representation, modification, or partial\/total exploitation without prior authorization is strictly prohibited.<\/p>\n\n  <h2>Responsibility<\/h2>\n  <p>Talvenmaa strives to provide information on this site as accurately as possible. However, the company cannot be held responsible for omissions, inaccuracies, or delays in updates.<\/p>\n  <p>External links provided do not engage Talvenmaa\u2019s responsibility regarding their content.<\/p>\n\n  <h2>Personal Data and Cookies<\/h2>\n  <p>Personal data collected via forms is used only for contact or booking purposes.<\/p>\n  <p>This site may use cookies for audience measurement or to improve user experience. You can set your preferences in your browser.<\/p>\n<\/div>","protected":false},"excerpt":{"rendered":"<p>Mentions l\u00e9gales \u00c9diteur du site Le pr\u00e9sent site est \u00e9dit\u00e9 par : Talvenmaa \u2013 voyage en terre nordique Entreprise individuelle (Toiminimi) \u2013 Sotka Private guide Y-tunnus : 3552531-7 Adresse : Maaninkavaarantie 295, 97895 MOURUJ\u00c4RVI Email : contact@talvenmaa.com Directeur de la publication Monsieur Axel Royer, en sa qualit\u00e9 de repr\u00e9sentant l\u00e9gal. H\u00e9bergement Le site est h\u00e9berg\u00e9 [&hellip;]<\/p>\n","protected":false},"author":1,"featured_media":0,"parent":0,"menu_order":0,"comment_status":"closed","ping_status":"closed","template":"","meta":{"saved_in_kubio":false,"footnotes":""},"class_list":["post-910","page","type-page","status-publish","hentry"],"kubio_ai_page_context":{"short_desc":"","purpose":"general"},"yoast_head":"<!-- This site is optimized with the Yoast SEO plugin v27.4 - https:\/\/yoast.com\/product\/yoast-seo-wordpress\/ -->\n<title>Mentions l\u00e9gales - Talvenmaa - Voyage en terre nordique<\/title>\n<meta name=\"robots\" content=\"index, follow, max-snippet:-1, max-image-preview:large, max-video-preview:-1\" \/>\n<link rel=\"canonical\" href=\"https:\/\/www.talvenmaa.com\/en\/mentions-legales\/\" \/>\n<meta property=\"og:locale\" content=\"en_GB\" \/>\n<meta property=\"og:type\" content=\"article\" \/>\n<meta property=\"og:title\" content=\"Mentions l\u00e9gales - Talvenmaa - Voyage en terre nordique\" \/>\n<meta property=\"og:description\" content=\"Mentions l\u00e9gales \u00c9diteur du site Le pr\u00e9sent site est \u00e9dit\u00e9 par : Talvenmaa \u2013 voyage en terre nordique Entreprise individuelle (Toiminimi) \u2013 Sotka Private guide Y-tunnus : 3552531-7 Adresse : Maaninkavaarantie 295, 97895 MOURUJ\u00c4RVI Email : contact@talvenmaa.com Directeur de la publication Monsieur Axel Royer, en sa qualit\u00e9 de repr\u00e9sentant l\u00e9gal. H\u00e9bergement Le site est h\u00e9berg\u00e9 [&hellip;]\" \/>\n<meta property=\"og:url\" content=\"https:\/\/www.talvenmaa.com\/en\/mentions-legales\/\" \/>\n<meta property=\"og:site_name\" content=\"Talvenmaa - Voyage en terre nordique\" \/>\n<meta property=\"article:publisher\" content=\"https:\/\/www.facebook.com\/talvenmaa\" \/>\n<meta property=\"article:modified_time\" content=\"2025-08-27T10:59:29+00:00\" \/>\n<meta name=\"twitter:card\" content=\"summary_large_image\" \/>\n<meta name=\"twitter:label1\" content=\"Estimated reading time\" \/>\n\t<meta name=\"twitter:data1\" content=\"2 minutes\" \/>\n<script type=\"application\/ld+json\" class=\"yoast-schema-graph\">{\"@context\":\"https:\\\/\\\/schema.org\",\"@graph\":[{\"@type\":\"WebPage\",\"@id\":\"https:\\\/\\\/www.talvenmaa.com\\\/mentions-legales\\\/\",\"url\":\"https:\\\/\\\/www.talvenmaa.com\\\/mentions-legales\\\/\",\"name\":\"Mentions l\u00e9gales - Talvenmaa - Voyage en terre nordique\",\"isPartOf\":{\"@id\":\"https:\\\/\\\/www.talvenmaa.com\\\/#website\"},\"datePublished\":\"2025-07-29T13:37:40+00:00\",\"dateModified\":\"2025-08-27T10:59:29+00:00\",\"breadcrumb\":{\"@id\":\"https:\\\/\\\/www.talvenmaa.com\\\/mentions-legales\\\/#breadcrumb\"},\"inLanguage\":\"en-GB\",\"potentialAction\":[{\"@type\":\"ReadAction\",\"target\":[\"https:\\\/\\\/www.talvenmaa.com\\\/mentions-legales\\\/\"]}]},{\"@type\":\"BreadcrumbList\",\"@id\":\"https:\\\/\\\/www.talvenmaa.com\\\/mentions-legales\\\/#breadcrumb\",\"itemListElement\":[{\"@type\":\"ListItem\",\"position\":1,\"name\":\"Accueil\",\"item\":\"https:\\\/\\\/www.talvenmaa.com\\\/\"},{\"@type\":\"ListItem\",\"position\":2,\"name\":\"Mentions l\u00e9gales\"}]},{\"@type\":\"WebSite\",\"@id\":\"https:\\\/\\\/www.talvenmaa.com\\\/#website\",\"url\":\"https:\\\/\\\/www.talvenmaa.com\\\/\",\"name\":\"Talvenmaa - Voyage en terre nordique\",\"description\":\"S\u00e9jours multi-activit\u00e9s et exp\u00e9riences en Laponie\",\"publisher\":{\"@id\":\"https:\\\/\\\/www.talvenmaa.com\\\/#organization\"},\"potentialAction\":[{\"@type\":\"SearchAction\",\"target\":{\"@type\":\"EntryPoint\",\"urlTemplate\":\"https:\\\/\\\/www.talvenmaa.com\\\/?s={search_term_string}\"},\"query-input\":{\"@type\":\"PropertyValueSpecification\",\"valueRequired\":true,\"valueName\":\"search_term_string\"}}],\"inLanguage\":\"en-GB\"},{\"@type\":\"Organization\",\"@id\":\"https:\\\/\\\/www.talvenmaa.com\\\/#organization\",\"name\":\"Talvenmaa\",\"url\":\"https:\\\/\\\/www.talvenmaa.com\\\/\",\"logo\":{\"@type\":\"ImageObject\",\"inLanguage\":\"en-GB\",\"@id\":\"https:\\\/\\\/www.talvenmaa.com\\\/#\\\/schema\\\/logo\\\/image\\\/\",\"url\":\"https:\\\/\\\/www.talvenmaa.com\\\/wp-content\\\/uploads\\\/2025\\\/07\\\/Rendu-final-01-1-scaled.jpg\",\"contentUrl\":\"https:\\\/\\\/www.talvenmaa.com\\\/wp-content\\\/uploads\\\/2025\\\/07\\\/Rendu-final-01-1-scaled.jpg\",\"width\":2560,\"height\":2560,\"caption\":\"Talvenmaa\"},\"image\":{\"@id\":\"https:\\\/\\\/www.talvenmaa.com\\\/#\\\/schema\\\/logo\\\/image\\\/\"},\"sameAs\":[\"https:\\\/\\\/www.facebook.com\\\/talvenmaa\",\"https:\\\/\\\/www.instagram.com\\\/alex.axel.experience.nordique\\\/\"]}]}<\/script>\n<!-- \/ Yoast SEO plugin. -->","yoast_head_json":{"title":"Mentions l\u00e9gales - Talvenmaa - Voyage en terre nordique","robots":{"index":"index","follow":"follow","max-snippet":"max-snippet:-1","max-image-preview":"max-image-preview:large","max-video-preview":"max-video-preview:-1"},"canonical":"https:\/\/www.talvenmaa.com\/en\/mentions-legales\/","og_locale":"en_GB","og_type":"article","og_title":"Mentions l\u00e9gales - Talvenmaa - Voyage en terre nordique","og_description":"Mentions l\u00e9gales \u00c9diteur du site Le pr\u00e9sent site est \u00e9dit\u00e9 par : Talvenmaa \u2013 voyage en terre nordique Entreprise individuelle (Toiminimi) \u2013 Sotka Private guide Y-tunnus : 3552531-7 Adresse : Maaninkavaarantie 295, 97895 MOURUJ\u00c4RVI Email : contact@talvenmaa.com Directeur de la publication Monsieur Axel Royer, en sa qualit\u00e9 de repr\u00e9sentant l\u00e9gal. H\u00e9bergement Le site est h\u00e9berg\u00e9 [&hellip;]","og_url":"https:\/\/www.talvenmaa.com\/en\/mentions-legales\/","og_site_name":"Talvenmaa - Voyage en terre nordique","article_publisher":"https:\/\/www.facebook.com\/talvenmaa","article_modified_time":"2025-08-27T10:59:29+00:00","twitter_card":"summary_large_image","twitter_misc":{"Estimated reading time":"2 minutes"},"schema":{"@context":"https:\/\/schema.org","@graph":[{"@type":"WebPage","@id":"https:\/\/www.talvenmaa.com\/mentions-legales\/","url":"https:\/\/www.talvenmaa.com\/mentions-legales\/","name":"Mentions l\u00e9gales - Talvenmaa - Voyage en terre nordique","isPartOf":{"@id":"https:\/\/www.talvenmaa.com\/#website"},"datePublished":"2025-07-29T13:37:40+00:00","dateModified":"2025-08-27T10:59:29+00:00","breadcrumb":{"@id":"https:\/\/www.talvenmaa.com\/mentions-legales\/#breadcrumb"},"inLanguage":"en-GB","potentialAction":[{"@type":"ReadAction","target":["https:\/\/www.talvenmaa.com\/mentions-legales\/"]}]},{"@type":"BreadcrumbList","@id":"https:\/\/www.talvenmaa.com\/mentions-legales\/#breadcrumb","itemListElement":[{"@type":"ListItem","position":1,"name":"Accueil","item":"https:\/\/www.talvenmaa.com\/"},{"@type":"ListItem","position":2,"name":"Mentions l\u00e9gales"}]},{"@type":"WebSite","@id":"https:\/\/www.talvenmaa.com\/#website","url":"https:\/\/www.talvenmaa.com\/","name":"Talvenmaa - Voyage en terre nordique","description":"S\u00e9jours multi-activit\u00e9s et exp\u00e9riences en Laponie","publisher":{"@id":"https:\/\/www.talvenmaa.com\/#organization"},"potentialAction":[{"@type":"SearchAction","target":{"@type":"EntryPoint","urlTemplate":"https:\/\/www.talvenmaa.com\/?s={search_term_string}"},"query-input":{"@type":"PropertyValueSpecification","valueRequired":true,"valueName":"search_term_string"}}],"inLanguage":"en-GB"},{"@type":"Organization","@id":"https:\/\/www.talvenmaa.com\/#organization","name":"Talvenmaa","url":"https:\/\/www.talvenmaa.com\/","logo":{"@type":"ImageObject","inLanguage":"en-GB","@id":"https:\/\/www.talvenmaa.com\/#\/schema\/logo\/image\/","url":"https:\/\/www.talvenmaa.com\/wp-content\/uploads\/2025\/07\/Rendu-final-01-1-scaled.jpg","contentUrl":"https:\/\/www.talvenmaa.com\/wp-content\/uploads\/2025\/07\/Rendu-final-01-1-scaled.jpg","width":2560,"height":2560,"caption":"Talvenmaa"},"image":{"@id":"https:\/\/www.talvenmaa.com\/#\/schema\/logo\/image\/"},"sameAs":["https:\/\/www.facebook.com\/talvenmaa","https:\/\/www.instagram.com\/alex.axel.experience.nordique\/"]}]}},"_links":{"self":[{"href":"https:\/\/www.talvenmaa.com\/en\/wp-json\/wp\/v2\/pages\/910","targetHints":{"allow":["GET"]}}],"collection":[{"href":"https:\/\/www.talvenmaa.com\/en\/wp-json\/wp\/v2\/pages"}],"about":[{"href":"https:\/\/www.talvenmaa.com\/en\/wp-json\/wp\/v2\/types\/page"}],"author":[{"embeddable":true,"href":"https:\/\/www.talvenmaa.com\/en\/wp-json\/wp\/v2\/users\/1"}],"replies":[{"embeddable":true,"href":"https:\/\/www.talvenmaa.com\/en\/wp-json\/wp\/v2\/comments?post=910"}],"version-history":[{"count":7,"href":"https:\/\/www.talvenmaa.com\/en\/wp-json\/wp\/v2\/pages\/910\/revisions"}],"predecessor-version":[{"id":1136,"href":"https:\/\/www.talvenmaa.com\/en\/wp-json\/wp\/v2\/pages\/910\/revisions\/1136"}],"wp:attachment":[{"href":"https:\/\/www.talvenmaa.com\/en\/wp-json\/wp\/v2\/media?parent=910"}],"curies":[{"name":"wp","href":"https:\/\/api.w.org\/{rel}","templated":true}]}}